{"id":1515,"date":"2023-06-02T00:11:46","date_gmt":"2023-06-01T21:11:46","guid":{"rendered":"http:\/\/www.artacco.ee\/?page_id=1515"},"modified":"2023-06-02T06:53:00","modified_gmt":"2023-06-02T03:53:00","slug":"2023-2","status":"publish","type":"page","link":"https:\/\/artacco.ee\/?page_id=1515","title":{"rendered":"2023"},"content":{"rendered":"<p>P\u00e4rnu loometalgute logo, stiiliraamat ja visuaalid:<\/p>\n\n\t\t<div id='gallery-1' class='gallery galleryid-1515 gallery-columns-5 gallery-size-thumbnail gallery-link-file'><figure class='gallery-item'>\n\t\t\t<span class='gallery-icon'>\n\t\t\t\t<a rel='attachment' href='https:\/\/www.artacco.ee\/wp-content\/uploads\/2023\/06\/P\u00e4rnu_Loometalgud_logo.jpg'><img loading=\"lazy\" decoding=\"async\" width=\"150\" height=\"150\" src=\"https:\/\/www.artacco.ee\/wp-content\/uploads\/2023\/06\/P\u00e4rnu_Loometalgud_logo-150x150.jpg\" class=\"attachment-thumbnail size-thumbnail\" alt=\"\" srcset=\"http:\/\/www.artacco.ee\/wp-content\/uploads\/2023\/06\/P\u00e4rnu_Loometalgud_logo-150x150.jpg 150w, http:\/\/www.artacco.ee\/wp-content\/uploads\/2023\/06\/P\u00e4rnu_Loometalgud_logo-268x268.jpg 268w\" sizes=\"(max-width: 150px) 100vw, 150px\" \/><\/a>\n\t\t\t<\/span><\/figure><figure class='gallery-item'>\n\t\t\t<span class='gallery-icon'>\n\t\t\t\t<a rel='attachment' href='https:\/\/www.artacco.ee\/wp-content\/uploads\/2023\/06\/P\u00e4rnu_Loometalgud_2023_plakat.jpg'><img loading=\"lazy\" decoding=\"async\" width=\"150\" height=\"150\" src=\"https:\/\/www.artacco.ee\/wp-content\/uploads\/2023\/06\/P\u00e4rnu_Loometalgud_2023_plakat-150x150.jpg\" class=\"attachment-thumbnail size-thumbnail\" alt=\"\" srcset=\"http:\/\/www.artacco.ee\/wp-content\/uploads\/2023\/06\/P\u00e4rnu_Loometalgud_2023_plakat-150x150.jpg 150w, http:\/\/www.artacco.ee\/wp-content\/uploads\/2023\/06\/P\u00e4rnu_Loometalgud_2023_plakat-432x432.jpg 432w, http:\/\/www.artacco.ee\/wp-content\/uploads\/2023\/06\/P\u00e4rnu_Loometalgud_2023_plakat-268x268.jpg 268w\" sizes=\"(max-width: 150px) 100vw, 150px\" \/><\/a>\n\t\t\t<\/span><\/figure><figure class='gallery-item'>\n\t\t\t<span class='gallery-icon'>\n\t\t\t\t<a rel='attachment' href='https:\/\/www.artacco.ee\/wp-content\/uploads\/2023\/06\/P\u00e4rnu_Loometalgud_2023_veebikavand.jpg'><img loading=\"lazy\" decoding=\"async\" width=\"150\" height=\"150\" src=\"https:\/\/www.artacco.ee\/wp-content\/uploads\/2023\/06\/P\u00e4rnu_Loometalgud_2023_veebikavand-150x150.jpg\" class=\"attachment-thumbnail size-thumbnail\" alt=\"\" srcset=\"http:\/\/www.artacco.ee\/wp-content\/uploads\/2023\/06\/P\u00e4rnu_Loometalgud_2023_veebikavand-150x150.jpg 150w, http:\/\/www.artacco.ee\/wp-content\/uploads\/2023\/06\/P\u00e4rnu_Loometalgud_2023_veebikavand-432x432.jpg 432w, http:\/\/www.artacco.ee\/wp-content\/uploads\/2023\/06\/P\u00e4rnu_Loometalgud_2023_veebikavand-268x268.jpg 268w\" sizes=\"(max-width: 150px) 100vw, 150px\" \/><\/a>\n\t\t\t<\/span><\/figure><figure class='gallery-item'>\n\t\t\t<span class='gallery-icon'>\n\t\t\t\t<a rel='attachment' href='https:\/\/www.artacco.ee\/wp-content\/uploads\/2023\/06\/P\u00e4rnu-Loometalgud_print.jpg'><img loading=\"lazy\" decoding=\"async\" width=\"150\" height=\"150\" src=\"https:\/\/www.artacco.ee\/wp-content\/uploads\/2023\/06\/P\u00e4rnu-Loometalgud_print-150x150.jpg\" class=\"attachment-thumbnail size-thumbnail\" alt=\"\" srcset=\"http:\/\/www.artacco.ee\/wp-content\/uploads\/2023\/06\/P\u00e4rnu-Loometalgud_print-150x150.jpg 150w, http:\/\/www.artacco.ee\/wp-content\/uploads\/2023\/06\/P\u00e4rnu-Loometalgud_print-268x268.jpg 268w\" sizes=\"(max-width: 150px) 100vw, 150px\" \/><\/a>\n\t\t\t<\/span><\/figure><figure class='gallery-item'>\n\t\t\t<span class='gallery-icon'>\n\t\t\t\t<a rel='attachment' href='https:\/\/www.artacco.ee\/wp-content\/uploads\/2023\/06\/P\u00e4rnu-Loometalgud_rollup.jpg'><img loading=\"lazy\" decoding=\"async\" width=\"150\" height=\"150\" src=\"https:\/\/www.artacco.ee\/wp-content\/uploads\/2023\/06\/P\u00e4rnu-Loometalgud_rollup-150x150.jpg\" class=\"attachment-thumbnail size-thumbnail\" alt=\"\" srcset=\"http:\/\/www.artacco.ee\/wp-content\/uploads\/2023\/06\/P\u00e4rnu-Loometalgud_rollup-150x150.jpg 150w, http:\/\/www.artacco.ee\/wp-content\/uploads\/2023\/06\/P\u00e4rnu-Loometalgud_rollup-268x268.jpg 268w\" sizes=\"(max-width: 150px) 100vw, 150px\" \/><\/a>\n\t\t\t<\/span><\/figure><br style=\"clear: both\" \/><figure class='gallery-item'>\n\t\t\t<span class='gallery-icon'>\n\t\t\t\t<a rel='attachment' href='https:\/\/www.artacco.ee\/wp-content\/uploads\/2023\/06\/P\u00e4rnu_loometalgud_pusa-1.jpg'><img loading=\"lazy\" decoding=\"async\" width=\"150\" height=\"150\" src=\"https:\/\/www.artacco.ee\/wp-content\/uploads\/2023\/06\/P\u00e4rnu_loometalgud_pusa-1-150x150.jpg\" class=\"attachment-thumbnail size-thumbnail\" alt=\"\" \/><\/a>\n\t\t\t<\/span><\/figure><figure class='gallery-item'>\n\t\t\t<span class='gallery-icon'>\n\t\t\t\t<a rel='attachment' href='https:\/\/www.artacco.ee\/wp-content\/uploads\/2023\/06\/P\u00e4rnu_loometalgud_pusa-2.jpg'><img loading=\"lazy\" decoding=\"async\" width=\"150\" height=\"150\" src=\"https:\/\/www.artacco.ee\/wp-content\/uploads\/2023\/06\/P\u00e4rnu_loometalgud_pusa-2-150x150.jpg\" class=\"attachment-thumbnail size-thumbnail\" alt=\"\" \/><\/a>\n\t\t\t<\/span><\/figure><figure class='gallery-item'>\n\t\t\t<span class='gallery-icon'>\n\t\t\t\t<a rel='attachment' href='https:\/\/www.artacco.ee\/wp-content\/uploads\/2023\/06\/P\u00e4rnu_Loometalgud_t\u00f6\u00f6lehed-2.jpg'><img loading=\"lazy\" decoding=\"async\" width=\"150\" height=\"150\" src=\"https:\/\/www.artacco.ee\/wp-content\/uploads\/2023\/06\/P\u00e4rnu_Loometalgud_t\u00f6\u00f6lehed-2-150x150.jpg\" class=\"attachment-thumbnail size-thumbnail\" alt=\"\" srcset=\"http:\/\/www.artacco.ee\/wp-content\/uploads\/2023\/06\/P\u00e4rnu_Loometalgud_t\u00f6\u00f6lehed-2-150x150.jpg 150w, http:\/\/www.artacco.ee\/wp-content\/uploads\/2023\/06\/P\u00e4rnu_Loometalgud_t\u00f6\u00f6lehed-2-432x432.jpg 432w, http:\/\/www.artacco.ee\/wp-content\/uploads\/2023\/06\/P\u00e4rnu_Loometalgud_t\u00f6\u00f6lehed-2-268x268.jpg 268w\" sizes=\"(max-width: 150px) 100vw, 150px\" \/><\/a>\n\t\t\t<\/span><\/figure><figure class='gallery-item'>\n\t\t\t<span class='gallery-icon'>\n\t\t\t\t<a rel='attachment' href='https:\/\/www.artacco.ee\/wp-content\/uploads\/2023\/06\/P\u00e4rnu_Loometalgud_kinkekaart.jpg'><img loading=\"lazy\" decoding=\"async\" width=\"150\" height=\"150\" src=\"https:\/\/www.artacco.ee\/wp-content\/uploads\/2023\/06\/P\u00e4rnu_Loometalgud_kinkekaart-150x150.jpg\" class=\"attachment-thumbnail size-thumbnail\" alt=\"\" srcset=\"http:\/\/www.artacco.ee\/wp-content\/uploads\/2023\/06\/P\u00e4rnu_Loometalgud_kinkekaart-150x150.jpg 150w, http:\/\/www.artacco.ee\/wp-content\/uploads\/2023\/06\/P\u00e4rnu_Loometalgud_kinkekaart-432x432.jpg 432w, http:\/\/www.artacco.ee\/wp-content\/uploads\/2023\/06\/P\u00e4rnu_Loometalgud_kinkekaart-268x268.jpg 268w\" sizes=\"(max-width: 150px) 100vw, 150px\" \/><\/a>\n\t\t\t<\/span><\/figure>\n\t\t\t<div class='clear'><\/div>\n\t\t<\/div>\n\n<p>Varia:<\/p>\n\n\t\t<div id='gallery-2' class='gallery galleryid-1515 gallery-columns-5 gallery-size-thumbnail gallery-link-file'><figure class='gallery-item'>\n\t\t\t<span class='gallery-icon'>\n\t\t\t\t<a rel='attachment' href='https:\/\/www.artacco.ee\/wp-content\/uploads\/2023\/06\/Vinoforever-logo.jpg'><img loading=\"lazy\" decoding=\"async\" width=\"150\" height=\"150\" src=\"https:\/\/www.artacco.ee\/wp-content\/uploads\/2023\/06\/Vinoforever-logo-150x150.jpg\" class=\"attachment-thumbnail size-thumbnail\" alt=\"\" srcset=\"http:\/\/www.artacco.ee\/wp-content\/uploads\/2023\/06\/Vinoforever-logo-150x150.jpg 150w, http:\/\/www.artacco.ee\/wp-content\/uploads\/2023\/06\/Vinoforever-logo-432x432.jpg 432w, http:\/\/www.artacco.ee\/wp-content\/uploads\/2023\/06\/Vinoforever-logo-268x268.jpg 268w\" sizes=\"(max-width: 150px) 100vw, 150px\" \/><\/a>\n\t\t\t<\/span>\n\t\t\t\t<figcaption class='wp-caption-text gallery-caption'>\n\t\t\t\tVinoForever logo\n\t\t\t\t<\/figcaption><\/figure><figure class='gallery-item'>\n\t\t\t<span class='gallery-icon'>\n\t\t\t\t<a rel='attachment' href='https:\/\/www.artacco.ee\/wp-content\/uploads\/2023\/06\/Nordic_VS_Masterclass_SeriesN5_Workshop2_web.jpg'><img loading=\"lazy\" decoding=\"async\" width=\"150\" height=\"150\" src=\"https:\/\/www.artacco.ee\/wp-content\/uploads\/2023\/06\/Nordic_VS_Masterclass_SeriesN5_Workshop2_web-150x150.jpg\" class=\"attachment-thumbnail size-thumbnail\" alt=\"\" srcset=\"http:\/\/www.artacco.ee\/wp-content\/uploads\/2023\/06\/Nordic_VS_Masterclass_SeriesN5_Workshop2_web-150x150.jpg 150w, http:\/\/www.artacco.ee\/wp-content\/uploads\/2023\/06\/Nordic_VS_Masterclass_SeriesN5_Workshop2_web-268x268.jpg 268w\" sizes=\"(max-width: 150px) 100vw, 150px\" \/><\/a>\n\t\t\t<\/span>\n\t\t\t\t<figcaption class='wp-caption-text gallery-caption'>\n\t\t\t\tNordic VS Masterclass SeriesN5 Workshop2 visuaalid\n\t\t\t\t<\/figcaption><\/figure><figure class='gallery-item'>\n\t\t\t<span class='gallery-icon'>\n\t\t\t\t<a rel='attachment' href='https:\/\/www.artacco.ee\/wp-content\/uploads\/2023\/06\/R\u00d6DL_lauam\u00e4ng.jpg'><img loading=\"lazy\" decoding=\"async\" width=\"150\" height=\"150\" src=\"https:\/\/www.artacco.ee\/wp-content\/uploads\/2023\/06\/R\u00d6DL_lauam\u00e4ng-150x150.jpg\" class=\"attachment-thumbnail size-thumbnail\" alt=\"\" srcset=\"http:\/\/www.artacco.ee\/wp-content\/uploads\/2023\/06\/R\u00d6DL_lauam\u00e4ng-150x150.jpg 150w, http:\/\/www.artacco.ee\/wp-content\/uploads\/2023\/06\/R\u00d6DL_lauam\u00e4ng-300x300.jpg 300w, http:\/\/www.artacco.ee\/wp-content\/uploads\/2023\/06\/R\u00d6DL_lauam\u00e4ng-432x432.jpg 432w, http:\/\/www.artacco.ee\/wp-content\/uploads\/2023\/06\/R\u00d6DL_lauam\u00e4ng-268x268.jpg 268w, http:\/\/www.artacco.ee\/wp-content\/uploads\/2023\/06\/R\u00d6DL_lauam\u00e4ng.jpg 700w\" sizes=\"(max-width: 150px) 100vw, 150px\" \/><\/a>\n\t\t\t<\/span>\n\t\t\t\t<figcaption class='wp-caption-text gallery-caption'>\n\t\t\t\tR\u00f6dl lauam\u00e4ng\n\t\t\t\t<\/figcaption><\/figure><figure class='gallery-item'>\n\t\t\t<span class='gallery-icon'>\n\t\t\t\t<a rel='attachment' href='https:\/\/www.artacco.ee\/wp-content\/uploads\/2023\/06\/VS_koorRiisipere_plakat.jpg'><img loading=\"lazy\" decoding=\"async\" width=\"150\" height=\"150\" src=\"https:\/\/www.artacco.ee\/wp-content\/uploads\/2023\/06\/VS_koorRiisipere_plakat-150x150.jpg\" class=\"attachment-thumbnail size-thumbnail\" alt=\"\" srcset=\"http:\/\/www.artacco.ee\/wp-content\/uploads\/2023\/06\/VS_koorRiisipere_plakat-150x150.jpg 150w, http:\/\/www.artacco.ee\/wp-content\/uploads\/2023\/06\/VS_koorRiisipere_plakat-432x432.jpg 432w, http:\/\/www.artacco.ee\/wp-content\/uploads\/2023\/06\/VS_koorRiisipere_plakat-268x268.jpg 268w\" sizes=\"(max-width: 150px) 100vw, 150px\" \/><\/a>\n\t\t\t<\/span>\n\t\t\t\t<figcaption class='wp-caption-text gallery-caption'>\n\t\t\t\tKontserdiplakat Vanalinna Segakoorile ja Riisipere kammerkoorile\n\t\t\t\t<\/figcaption><\/figure><figure class='gallery-item'>\n\t\t\t<span class='gallery-icon'>\n\t\t\t\t<a rel='attachment' href='https:\/\/www.artacco.ee\/wp-content\/uploads\/2023\/06\/LOITSUD_plakat_Tallinn.jpg'><img loading=\"lazy\" decoding=\"async\" width=\"150\" height=\"150\" src=\"https:\/\/www.artacco.ee\/wp-content\/uploads\/2023\/06\/LOITSUD_plakat_Tallinn-150x150.jpg\" class=\"attachment-thumbnail size-thumbnail\" alt=\"\" srcset=\"http:\/\/www.artacco.ee\/wp-content\/uploads\/2023\/06\/LOITSUD_plakat_Tallinn-150x150.jpg 150w, http:\/\/www.artacco.ee\/wp-content\/uploads\/2023\/06\/LOITSUD_plakat_Tallinn-432x432.jpg 432w, http:\/\/www.artacco.ee\/wp-content\/uploads\/2023\/06\/LOITSUD_plakat_Tallinn-268x268.jpg 268w\" sizes=\"(max-width: 150px) 100vw, 150px\" \/><\/a>\n\t\t\t<\/span>\n\t\t\t\t<figcaption class='wp-caption-text gallery-caption'>\n\t\t\t\tKontserdiplakat ans. Miinus Seitse\n\t\t\t\t<\/figcaption><\/figure><br style=\"clear: both\" \/>\n\t\t\t<div class='clear'><\/div>\n\t\t<\/div>\n\n<p>&nbsp;<\/p>\n","protected":false},"excerpt":{"rendered":"<p>P\u00e4rnu loometalgute logo, stiiliraamat ja visuaalid: Varia: &nbsp;<\/p>\n","protected":false},"author":1,"featured_media":0,"parent":0,"menu_order":0,"comment_status":"closed","ping_status":"closed","template":"","meta":{"footnotes":""},"class_list":["post-1515","page","type-page","status-publish","hentry","column","onecol"],"_links":{"self":[{"href":"https:\/\/artacco.ee\/index.php?rest_route=\/wp\/v2\/pages\/1515"}],"collection":[{"href":"https:\/\/artacco.ee\/index.php?rest_route=\/wp\/v2\/pages"}],"about":[{"href":"https:\/\/artacco.ee\/index.php?rest_route=\/wp\/v2\/types\/page"}],"author":[{"embeddable":true,"href":"https:\/\/artacco.ee\/index.php?rest_route=\/wp\/v2\/users\/1"}],"replies":[{"embeddable":true,"href":"https:\/\/artacco.ee\/index.php?rest_route=%2Fwp%2Fv2%2Fcomments&post=1515"}],"version-history":[{"count":3,"href":"https:\/\/artacco.ee\/index.php?rest_route=\/wp\/v2\/pages\/1515\/revisions"}],"predecessor-version":[{"id":1541,"href":"https:\/\/artacco.ee\/index.php?rest_route=\/wp\/v2\/pages\/1515\/revisions\/1541"}],"wp:attachment":[{"href":"https:\/\/artacco.ee\/index.php?rest_route=%2Fwp%2Fv2%2Fmedia&parent=1515"}],"curies":[{"name":"wp","href":"https:\/\/api.w.org\/{rel}","templated":true}]}}