{"id":20,"date":"2014-04-08T13:27:21","date_gmt":"2014-04-08T10:27:21","guid":{"rendered":"http:\/\/www.artacco.ee\/?page_id=20"},"modified":"2014-04-17T12:10:26","modified_gmt":"2014-04-17T09:10:26","slug":"firmast","status":"publish","type":"page","link":"https:\/\/artacco.ee\/?page_id=20","title":{"rendered":"Firmast"},"content":{"rendered":"<div>\n<p>O\u00dc Artacco on 2006. aastal asutatud \u00e4ri\u00fching, mis tegutseb kahes tegevusvaldkonnas, reklaaminduse ja arvepidamise alal. P\u00f5hitegevuseks on\u00a0reklaamikujundusteenuse osutamine nii allt\u00f6\u00f6v\u00f5tjana reklaami- ja turundusagentuuridele kui ka otse klientidele. Teiseks tegevussuunaks on\u00a0raamatupidamis- ja konsultatsiooniteenuste osutamine ettev\u00f5tetele, kelle jaoks ei ole otstarbekas mahtude v\u00e4iksuse t\u00f5ttu raamatupidajat\u00a0t\u00f6\u00f6lepinguga t\u00f6\u00f6le v\u00f5tta v\u00f5i kes vajavad v\u00e4lise spetsialisti neutraalset arvamust ning anal\u00fc\u00fcsi.<\/p>\n<\/div>\n","protected":false},"excerpt":{"rendered":"<p>O\u00dc Artacco on 2006. aastal asutatud \u00e4ri\u00fching, mis tegutseb kahes tegevusvaldkonnas, reklaaminduse ja arvepidamise alal. P\u00f5hitegevuseks on\u00a0reklaamikujundusteenuse osutamine nii allt\u00f6\u00f6v\u00f5tjana reklaami- ja turundusagentuuridele kui ka otse klientidele. Teiseks tegevussuunaks on\u00a0raamatupidamis- ja konsultatsiooniteenuste osutamine ettev\u00f5tetele, kelle jaoks ei ole otstarbekas mahtude v\u00e4iksuse t\u00f5ttu raamatupidajat\u00a0t\u00f6\u00f6lepinguga t\u00f6\u00f6le v\u00f5tta v\u00f5i kes vajavad v\u00e4lise spetsialisti &#8230;<\/p>\n","protected":false},"author":1,"featured_media":0,"parent":0,"menu_order":0,"comment_status":"closed","ping_status":"closed","template":"","meta":{"footnotes":""},"class_list":["post-20","page","type-page","status-publish","hentry","column","onecol"],"_links":{"self":[{"href":"https:\/\/artacco.ee\/index.php?rest_route=\/wp\/v2\/pages\/20"}],"collection":[{"href":"https:\/\/artacco.ee\/index.php?rest_route=\/wp\/v2\/pages"}],"about":[{"href":"https:\/\/artacco.ee\/index.php?rest_route=\/wp\/v2\/types\/page"}],"author":[{"embeddable":true,"href":"https:\/\/artacco.ee\/index.php?rest_route=\/wp\/v2\/users\/1"}],"replies":[{"embeddable":true,"href":"https:\/\/artacco.ee\/index.php?rest_route=%2Fwp%2Fv2%2Fcomments&post=20"}],"version-history":[{"count":2,"href":"https:\/\/artacco.ee\/index.php?rest_route=\/wp\/v2\/pages\/20\/revisions"}],"predecessor-version":[{"id":287,"href":"https:\/\/artacco.ee\/index.php?rest_route=\/wp\/v2\/pages\/20\/revisions\/287"}],"wp:attachment":[{"href":"https:\/\/artacco.ee\/index.php?rest_route=%2Fwp%2Fv2%2Fmedia&parent=20"}],"curies":[{"name":"wp","href":"https:\/\/api.w.org\/{rel}","templated":true}]}}