{"id":77,"date":"2014-04-10T12:38:26","date_gmt":"2014-04-10T09:38:26","guid":{"rendered":"http:\/\/www.artacco.ee\/?page_id=77"},"modified":"2014-08-12T23:27:57","modified_gmt":"2014-08-12T20:27:57","slug":"artacco-ou","status":"publish","type":"page","link":"https:\/\/artacco.ee\/","title":{"rendered":"Tere tulemast!"},"content":{"rendered":"<p>Kui vajad\u00a0graafilise disaini teenust v\u00f5i abi v\u00e4ikefirma raamatupidamises, siis v\u00f5ta \u00fchendust!<\/p>\n<p>Tehtud kujundust\u00f6\u00f6dest saad \u00fclevaate Disainiportfoolio lehek\u00fclgedelt.<\/p>\n","protected":false},"excerpt":{"rendered":"<p>Kui vajad\u00a0graafilise disaini teenust v\u00f5i abi v\u00e4ikefirma raamatupidamises, siis v\u00f5ta \u00fchendust! Tehtud kujundust\u00f6\u00f6dest saad \u00fclevaate Disainiportfoolio lehek\u00fclgedelt.<\/p>\n","protected":false},"author":1,"featured_media":0,"parent":0,"menu_order":0,"comment_status":"closed","ping_status":"closed","template":"","meta":{"footnotes":""},"class_list":["post-77","page","type-page","status-publish","hentry","column","onecol"],"_links":{"self":[{"href":"https:\/\/artacco.ee\/index.php?rest_route=\/wp\/v2\/pages\/77"}],"collection":[{"href":"https:\/\/artacco.ee\/index.php?rest_route=\/wp\/v2\/pages"}],"about":[{"href":"https:\/\/artacco.ee\/index.php?rest_route=\/wp\/v2\/types\/page"}],"author":[{"embeddable":true,"href":"https:\/\/artacco.ee\/index.php?rest_route=\/wp\/v2\/users\/1"}],"replies":[{"embeddable":true,"href":"https:\/\/artacco.ee\/index.php?rest_route=%2Fwp%2Fv2%2Fcomments&post=77"}],"version-history":[{"count":5,"href":"https:\/\/artacco.ee\/index.php?rest_route=\/wp\/v2\/pages\/77\/revisions"}],"predecessor-version":[{"id":932,"href":"https:\/\/artacco.ee\/index.php?rest_route=\/wp\/v2\/pages\/77\/revisions\/932"}],"wp:attachment":[{"href":"https:\/\/artacco.ee\/index.php?rest_route=%2Fwp%2Fv2%2Fmedia&parent=77"}],"curies":[{"name":"wp","href":"https:\/\/api.w.org\/{rel}","templated":true}]}}